{"id":45178,"date":"2023-04-21T17:12:48","date_gmt":"2023-04-21T10:12:48","guid":{"rendered":"https:\/\/gud.vn\/home\/?post_type=product&#038;p=45178"},"modified":"2023-04-26T10:01:42","modified_gmt":"2023-04-26T03:01:42","slug":"sticker-thong-minh-nfc-packet-3","status":"publish","type":"product","link":"https:\/\/gud.vn\/home\/product\/sticker-thong-minh-nfc-packet-3\/","title":{"rendered":"Sticker NFC &#8211; Packet 3"},"content":{"rendered":"<h6>Th\u00f4ng Tin Chi Ti\u1ebft S\u1ea3n Ph\u1ea9m<\/h6>\n<p>Sticker Th\u00f4ng Minh NFC l\u00e0 lo\u1ea1i sticker nh\u1ef1a s\u1eefa c\u00f3 t\u00edch h\u1ee3p chip NFC li\u00ean k\u1ebft v\u1edbi T\u00e0i kho\u1ea3n Danh thi\u1ebfp th\u00f4ng minh. Sticker nh\u1ecf g\u1ecdn, thu\u1eadn ti\u1ec7n \u0111\u1ec3 d\u00e1n tr\u00ean \u0111i\u1ec7n tho\u1ea1i, \u0111\u1eb7t trong v\u00ed ti\u1ec1n v\u00e0 \u0111em theo b\u00ean m\u00ecnh, gi\u00fap b\u1ea1n lu\u00f4n s\u1eb5n s\u00e0ng t\u1ea1o k\u1ebft n\u1ed1i m\u1edbi v\u1edbi kh\u00e1ch h\u00e0ng v\u00e0 \u0111\u1ed1i t\u00e1c.<\/p>\n<p>Sticker Th\u00f4ng Minh ch\u1ed1ng n\u01b0\u1edbc, b\u1ec1n m\u00e0u, kh\u00f4ng gi\u1edbi h\u1ea1n s\u1ed1 l\u1ea7n s\u1eed d\u1ee5ng n\u00ean gi\u00fap b\u1ea1n ti\u1ebft ki\u1ec7m chi ph\u00ed in danh thi\u1ebfp gi\u1ea5y, \u00edt chi\u1ebfm kh\u00f4ng gian v\u00e0 c\u00f3 th\u1ec3 thay \u0111\u1ed5i th\u00f4ng tin theo th\u1eddi gian th\u1ef1c.<\/p>\n<p>&nbsp;<\/p>\n<h6><span data-spm-anchor-id=\"a2o4n.pdp_revamp.product_detail.i0.8cb37eb2e0uDcC\">C\u00e1c c\u00f4ng d\u1ee5ng v\u00e0 l\u1ee3i \u00edch c\u1ee7a Danh Thi\u1ebfp Th\u00f4ng Minh:<\/span><\/h6>\n<p>\u2013\u00a0 T\u01b0\u01a1ng th\u00edch v\u1edbi h\u1ea7u h\u1ebft c\u00e1c d\u00f2ng \u0111i\u1ec7n tho\u1ea1i smart phone, kh\u00f4ng c\u1ea7n t\u1ea3i \u1ee9ng d\u1ee5ng.<\/p>\n<p>\u2013\u00a0 D\u1ec5 d\u00e0ng t\u00f9y ch\u1ec9nh theo m\u00e0u s\u1eafc, th\u01b0\u01a1ng hi\u1ec7u, c\u00e1 t\u00ednh c\u1ee7a b\u1ea1n.<\/p>\n<p>\u2013\u00a0 Gi\u00fap b\u1ea1n kh\u00e1c bi\u1ec7t v\u1edbi c\u00e1c \u0111\u1ed1i th\u1ee7 c\u1ea1nh tranh v\u00e0 th\u1ec3 hi\u1ec7n s\u1ef1 chuy\u00ean nghi\u1ec7p, lu\u00f4n b\u1eaft k\u1ecbp c\u00e1c xu h\u01b0\u1edbng c\u00f4ng ngh\u1ec7 m\u1edbi.<\/p>\n<p>\u2013\u00a0 T\u00edch h\u1ee3p v\u00e0 chia s\u1ebb m\u1ecdi th\u00f4ng tin v\u1edbi kh\u00e1ch h\u00e0ng, \u0111\u1ed1i t\u00e1c th\u00f4ng qua v\u0103n b\u1ea3n (SMS), email, m\u1ea1ng x\u00e3 h\u1ed9i, m\u00e3 QR,\u2026 n\u00ean kh\u00f4ng c\u1ea7n g\u1eb7p m\u1eb7t tr\u1ef1c ti\u1ebfp v\u1eabn c\u00f3 th\u1ec3 g\u1eedi danh thi\u1ebfp \u0111\u01b0\u1ee3c.<\/p>\n<p>\u2013\u00a0 Ph\u00f9 h\u1ee3p cho Qu\u1ea3n l\u00fd li\u00ean h\u1ec7. N\u00f3 cho ph\u00e9p b\u1ea1n l\u01b0u li\u00ean h\u1ec7 v\u00e0o danh b\u1ea1 nhanh ch\u00f3ng, c\u1ea5t gi\u1eef danh thi\u1ebfp l\u00e2u d\u00e0i, kh\u00f4ng gi\u1edbi h\u1ea1n s\u1ed1 l\u01b0\u1ee3ng v\u00e0 kh\u00f4ng chi\u1ebfm di\u1ec7n t\u00edch.<\/p>\n<p>\u2013\u00a0 L\u01b0u tr\u1eef l\u01b0\u1ee3ng l\u1edbn th\u00f4ng tin: T\u00ean, \u0111\u1ecba ch\u1ec9, th\u00f4ng tin li\u00ean h\u1ec7, m\u1ea1ng x\u00e3 h\u1ed9i, youtube,\u2026 m\u00e0 kh\u00f4ng b\u1ecb gi\u1edbi h\u1ea1n kh\u00f4ng gian nh\u01b0 danh thi\u1ebfp gi\u1ea5y.<\/p>\n<p>\u2013\u00a0 C\u1eadp nh\u1eadt th\u00f4ng tin tr\u00ean danh thi\u1ebfp \u1edf b\u1ea5t c\u1ee9 \u0111\u00e2u theo th\u1eddi gian th\u1ef1c, kh\u00f4ng c\u1ea7n ph\u1ea3i thay \u0111\u1ed5i, in l\u1ea1i m\u1ed9t b\u1ed9 danh thi\u1ebfp m\u1edbi.<\/p>\n<p>\u2013\u00a0 Th\u00eam c\u00e1c ph\u01b0\u01a1ng th\u1ee9c thanh to\u00e1n nh\u01b0 s\u1ed1 t\u00e0i kho\u1ea3n ng\u00e2n h\u00e0ng, MoMo, ZaloPay,\u2026 gi\u00fap kh\u00e1ch h\u00e0ng thanh to\u00e1n d\u1ec5 d\u00e0ng h\u01a1n.<\/p>\n<p>\u2013\u00a0 Cho ph\u00e9p \u0111\u00ednh k\u00e8m h\u00ecnh \u1ea3nh, c\u00e1c trang m\u1ea1ng x\u00e3 h\u1ed9i v\u00e0 c\u00e1c trang kinh doanh online \u0111\u1ec3 t\u1ea1o \u1ea5n t\u01b0\u1ee3ng ban \u0111\u1ea7u tuy\u1ec7t v\u1eddi, chia s\u1ebb th\u00f4ng tin li\u00ean h\u1ec7 v\u00e0 qu\u1ea3ng c\u00e1o d\u1ecbch v\u1ee5 h\u1ea5p d\u1eabn h\u01a1n.<\/p>\n<p>\u2013\u00a0 Sticker Th\u00f4ng Minh\u00a0r\u1ea5t b\u1ec1n, ch\u1ed1ng n\u01b0\u1edbc tuy\u1ec7t \u0111\u1ed1i v\u00e0 kh\u00f4ng gi\u1edbi h\u1ea1n s\u1ed1 l\u1ea7n ch\u1ea1m v\u00e0 ch\u1ec9nh s\u1eeda.<\/p>\n<p>\u2013\u00a0 C\u00f3 kho\u00e1 b\u1ea3o m\u1eadt th\u00f4ng tin c\u00e1 nh\u00e2n c\u1ee7a kh\u00e1ch h\u00e0ng.<\/p>\n","protected":false},"excerpt":{"rendered":"<p>Sticker Th\u00f4ng Minh \u0111\u01b0\u1ee3c trang b\u1ecb chip NFC c\u00f3 t\u00edch h\u1ee3p T\u00e0i Kho\u1ea3n Danh Thi\u1ebfp. C\u00f3 h\u1ed7 tr\u1ee3 thi\u1ebft l\u1eadp ban \u0111\u1ea7u. Nh\u1eadn h\u00e0ng t\u1eeb 2-3 ng\u00e0y (N\u1ed9i th\u00e0nh Tp. HCM). Th\u1eddi h\u1ea1n s\u1eed d\u1ee5ng: 12 th\u00e1ng<\/p>\n","protected":false},"featured_media":45181,"comment_status":"open","ping_status":"closed","template":"","meta":[],"product_cat":[130,145],"product_tag":[140,142,143,141,148,147,146],"class_list":["post-45178","product","type-product","status-publish","has-post-thumbnail","hentry","product_cat-danh-thiep-dien-tu","product_cat-sticker-thong-minh-nfc","product_tag-danh-thiep-dien-tu","product_tag-digital-business-card","product_tag-digital-card-visit","product_tag-digital-name-card","product_tag-sticker-dien-tu","product_tag-sticker-nfc","product_tag-sticker-thong-minh","pa_hinh-dang-hinh-tron","pa_hinh-dang-hinh-vuong"],"aioseo_notices":[],"_links":{"self":[{"href":"https:\/\/gud.vn\/home\/wp-json\/wp\/v2\/product\/45178","targetHints":{"allow":["GET"]}}],"collection":[{"href":"https:\/\/gud.vn\/home\/wp-json\/wp\/v2\/product"}],"about":[{"href":"https:\/\/gud.vn\/home\/wp-json\/wp\/v2\/types\/product"}],"replies":[{"embeddable":true,"href":"https:\/\/gud.vn\/home\/wp-json\/wp\/v2\/comments?post=45178"}],"wp:featuredmedia":[{"embeddable":true,"href":"https:\/\/gud.vn\/home\/wp-json\/wp\/v2\/media\/45181"}],"wp:attachment":[{"href":"https:\/\/gud.vn\/home\/wp-json\/wp\/v2\/media?parent=45178"}],"wp:term":[{"taxonomy":"product_cat","embeddable":true,"href":"https:\/\/gud.vn\/home\/wp-json\/wp\/v2\/product_cat?post=45178"},{"taxonomy":"product_tag","embeddable":true,"href":"https:\/\/gud.vn\/home\/wp-json\/wp\/v2\/product_tag?post=45178"}],"curies":[{"name":"wp","href":"https:\/\/api.w.org\/{rel}","templated":true}]}}